{"id":15896,"date":"2023-07-12T14:58:01","date_gmt":"2023-07-12T19:58:01","guid":{"rendered":"https:\/\/acerosmsh.com\/?page_id=15896"},"modified":"2023-07-12T15:34:00","modified_gmt":"2023-07-12T20:34:00","slug":"blog","status":"publish","type":"page","link":"https:\/\/acerosmsh.com\/index.php\/blog\/","title":{"rendered":"Blog"},"content":{"rendered":"\t\t<div data-elementor-type=\"wp-page\" data-elementor-id=\"15896\" class=\"elementor elementor-15896\">\n\t\t\t\t\t\t\t\t\t<section class=\"elementor-section elementor-top-section elementor-element elementor-element-970305e elementor-section-boxed elementor-section-height-default elementor-section-height-default wd-section-disabled\" data-id=\"970305e\" data-element_type=\"section\">\n\t\t\t\t\t\t<div class=\"elementor-container elementor-column-gap-default\">\n\t\t\t\t\t<div class=\"elementor-column elementor-col-100 elementor-top-column elementor-element elementor-element-8a52bfb\" data-id=\"8a52bfb\" data-element_type=\"column\">\n\t\t\t<div class=\"elementor-widget-wrap elementor-element-populated\">\n\t\t\t\t\t\t\t\t<div class=\"elementor-element elementor-element-3777446 elementor-widget elementor-widget-wd_blog\" data-id=\"3777446\" data-element_type=\"widget\" data-widget_type=\"wd_blog.default\">\n\t\t\t\t<div class=\"elementor-widget-container\">\n\t\t\t\t\t\t\t\t\t<div id=\"carousel-562\"\n\t\t\t\t class=\"wd-carousel-container  slider-type-post wd-carousel-spacing-20\" data-owl-carousel data-speed=\"\" data-slides_per_view_tablet='{\"size\":\"\"}' data-slides_per_view_mobile='{\"size\":\"\"}' data-wrap=\"no\" data-hide_pagination_control=\"yes\" data-hide_prev_next_buttons=\"no\" data-desktop=\"3\" data-tablet_landscape=\"3\" data-tablet=\"2\" data-mobile=\"1\">\n\t\t\t\t\t\t\t\t<div class=\"owl-carousel wd-owl owl-items-lg-3 owl-items-md-3 owl-items-sm-2 owl-items-xs-1\">\n\t\t\t\t\t\t\t<div class=\"slide-post owl-carousel-item\">\n\t\t\t\n\t\t\t\t\t\t\t\t\t\t\t\n<article id=\"post-15697\" class=\"blog-post-loop post-slide blog-design-masonry blog-style-bg wd-add-shadow post-15697 post type-post status-publish format-standard has-post-thumbnail hentry category-blog\">\n\t<div class=\"article-inner\">\n\t\t<header class=\"entry-header\">\n\t\t\t\t\t\t\t<figure class=\"entry-thumbnail\">\n\t\t\t\t\t<div class=\"post-img-wrapp\">\n\t\t\t\t\t\t<a href=\"https:\/\/acerosmsh.com\/index.php\/2023\/07\/11\/guia-como-seleccionar-el-tubo-de-cilindro-correcto\/\">\n\t\t\t\t\t\t\t<img width=\"400\" height=\"267\" src=\"https:\/\/acerosmsh.com\/wp-content\/uploads\/2023\/07\/Guide-How-to-Select-the-Right-Cylinder-Tube-2-400x267.jpg\" class=\"attachment-medium size-medium wp-image-15698\" alt=\"\" decoding=\"async\" loading=\"lazy\" srcset=\"https:\/\/acerosmsh.com\/wp-content\/uploads\/2023\/07\/Guide-How-to-Select-the-Right-Cylinder-Tube-2-400x267.jpg 400w, https:\/\/acerosmsh.com\/wp-content\/uploads\/2023\/07\/Guide-How-to-Select-the-Right-Cylinder-Tube-2-430x287.jpg 430w, https:\/\/acerosmsh.com\/wp-content\/uploads\/2023\/07\/Guide-How-to-Select-the-Right-Cylinder-Tube-2-700x467.jpg 700w, https:\/\/acerosmsh.com\/wp-content\/uploads\/2023\/07\/Guide-How-to-Select-the-Right-Cylinder-Tube-2-150x100.jpg 150w, https:\/\/acerosmsh.com\/wp-content\/uploads\/2023\/07\/Guide-How-to-Select-the-Right-Cylinder-Tube-2.jpg 760w\" sizes=\"(max-width: 400px) 100vw, 400px\" \/>\t\t\t\t\t\t<\/a>\n\t\t\t\t\t<\/div>\n\t\t\t\t\t<div class=\"post-image-mask\">\n\t\t\t\t\t\t<span><\/span>\n\t\t\t\t\t<\/div>\n\t\t\t\t<\/figure>\n\t\t\t\n\t\t\t\t\t\t<div class=\"post-date wd-post-date wd-style-with-bg\" onclick=\"\">\n\t\t\t\t<span class=\"post-date-day\">\n\t\t\t\t\t11\t\t\t\t<\/span>\n\t\t\t\t<span class=\"post-date-month\">\n\t\t\t\t\tJul\t\t\t\t<\/span>\n\t\t\t<\/div>\n\t\t\t\t<\/header><!-- .entry-header -->\n\n\t\t<div class=\"article-body-container\">\n\t\t\t\t\t\t\t<div class=\"meta-categories-wrapp\"><div class=\"meta-post-categories wd-post-cat wd-style-with-bg\"><a href=\"https:\/\/acerosmsh.com\/index.php\/category\/blog\/\" rel=\"category tag\">Blog<\/a><\/div><\/div>\n\t\t\t\n\t\t\t\t\t\t\t<h3 class=\"wd-entities-title title post-title\">\n\t\t\t\t\t<a href=\"https:\/\/acerosmsh.com\/index.php\/2023\/07\/11\/guia-como-seleccionar-el-tubo-de-cilindro-correcto\/\" rel=\"bookmark\">Gu\u00eda &#8211; \u00bfC\u00f3mo seleccionar el tubo de cilindro correcto?<\/a>\n\t\t\t\t<\/h3>\n\t\t\t\n\t\t\t\t\t\t\t<div class=\"entry-meta wd-entry-meta\">\n\t\t\t\t\t\t\t\t<ul class=\"entry-meta-list\">\n\t\t\t\t\t\t\t\t\t<li class=\"modified-date\">\n\t\t\t\t\t\t\t\t<time class=\"updated\" datetime=\"2023-07-17T21:13:27-05:00\">\n\t\t\t17 July, 2023\t\t<\/time>\n\t\t\t\t\t\t\t<\/li>\n\n\t\t\t\t\t\n\t\t\t\t\t\t\t\t\t\t\t<li class=\"meta-author\">\n\t\t\t\t\t\t\t\t\t<span>\n\t\t\t\t\t\t\tPosted by\t\t\t\t\t<\/span>\n\n\t\t\t\t\t<img alt='author-avatar' src='https:\/\/secure.gravatar.com\/avatar\/66594d2cf7cccb61f4bbf5152dabbe83?s=32&#038;d=mm&#038;r=g' srcset='https:\/\/secure.gravatar.com\/avatar\/66594d2cf7cccb61f4bbf5152dabbe83?s=64&#038;d=mm&#038;r=g 2x' class='avatar avatar-32 photo' height='32' width='32' loading='lazy' decoding='async'\/>\t\t\n\t\t<a href=\"https:\/\/acerosmsh.com\/index.php\/author\/andres\/\" rel=\"author\">\n\t\t\t<span class=\"vcard author author_name\">\n\t\t\t\t<span class=\"fn\">andres marsano<\/span>\n\t\t\t<\/span>\n\t\t<\/a>\n\t\t\t\t\t\t\t\t<\/li>\n\t\t\t\t\t\n\t\t\t\t\t\n\t\t\t\t\t\t\t\t\t\t\t<li class=\"meta-reply\">\n\t\t\t\t\t\t\t<a href=\"https:\/\/acerosmsh.com\/index.php\/2023\/07\/11\/guia-como-seleccionar-el-tubo-de-cilindro-correcto\/#respond\"><span class=\"replies-count\">0<\/span> <span class=\"replies-count-label\">comments<\/span><\/a>\t\t\t\t\t\t<\/li>\n\t\t\t\t\t\t\t\t\t\t\t\t<\/ul>\n\t\t\t\t\t\t<\/div><!-- .entry-meta -->\n\t\t\t\t\t\t\t\t\t\t<div class=\"hovered-social-icons wd-tltp wd-tltp-top\">\n\t\t\t\t\t<div class=\"wd-tooltip-label\">\n\t\t\t\t\t\t\n\t\t\t<div class=\"wd-social-icons icons-design-default icons-size-small color-scheme-light social-share social-form-circle text-center\">\n\n\t\t\t\t\n\t\t\t\t\t\t\t\t\t<a rel=\"noopener noreferrer nofollow\" href=\"https:\/\/www.facebook.com\/sharer\/sharer.php?u=https:\/\/acerosmsh.com\/index.php\/2023\/07\/11\/guia-como-seleccionar-el-tubo-de-cilindro-correcto\/\" target=\"_blank\" class=\" wd-social-icon social-facebook\" aria-label=\"Facebook social link\">\n\t\t\t\t\t\t<span class=\"wd-icon\"><\/span>\n\t\t\t\t\t\t\t\t\t\t\t<\/a>\n\t\t\t\t\n\t\t\t\t\t\t\t\t\t<a rel=\"noopener noreferrer nofollow\" href=\"https:\/\/twitter.com\/share?url=https:\/\/acerosmsh.com\/index.php\/2023\/07\/11\/guia-como-seleccionar-el-tubo-de-cilindro-correcto\/\" target=\"_blank\" class=\" wd-social-icon social-twitter\" aria-label=\"Twitter social link\">\n\t\t\t\t\t\t<span class=\"wd-icon\"><\/span>\n\t\t\t\t\t\t\t\t\t\t\t<\/a>\n\t\t\t\t\n\t\t\t\t\n\t\t\t\t\n\t\t\t\t\n\t\t\t\t\t\t\t\t\t<a rel=\"noopener noreferrer nofollow\" href=\"https:\/\/pinterest.com\/pin\/create\/button\/?url=https:\/\/acerosmsh.com\/index.php\/2023\/07\/11\/guia-como-seleccionar-el-tubo-de-cilindro-correcto\/&media=https:\/\/acerosmsh.com\/wp-content\/uploads\/2023\/07\/Guide-How-to-Select-the-Right-Cylinder-Tube-2.jpg&description=Gu%C3%ADa+%26%238211%3B+%C2%BFC%C3%B3mo+seleccionar+el+tubo+de+cilindro+correcto%3F\" target=\"_blank\" class=\" wd-social-icon social-pinterest\" aria-label=\"Pinterest social link\">\n\t\t\t\t\t\t<span class=\"wd-icon\"><\/span>\n\t\t\t\t\t\t\t\t\t\t\t<\/a>\n\t\t\t\t\n\t\t\t\t\n\t\t\t\t\t\t\t\t\t<a rel=\"noopener noreferrer nofollow\" href=\"https:\/\/www.linkedin.com\/shareArticle?mini=true&url=https:\/\/acerosmsh.com\/index.php\/2023\/07\/11\/guia-como-seleccionar-el-tubo-de-cilindro-correcto\/\" target=\"_blank\" class=\" wd-social-icon social-linkedin\" aria-label=\"Linkedin social link\">\n\t\t\t\t\t\t<span class=\"wd-icon\"><\/span>\n\t\t\t\t\t\t\t\t\t\t\t<\/a>\n\t\t\t\t\n\t\t\t\t\n\t\t\t\t\n\t\t\t\t\n\t\t\t\t\n\t\t\t\t\n\t\t\t\t\n\t\t\t\t\n\t\t\t\t\n\t\t\t\t\n\t\t\t\t\t\t\t\t\n\t\t\t\t\t\t\t\t\n\t\t\t\t\n\t\t\t\t\t\t\t\t\t<a rel=\"noopener noreferrer nofollow\" href=\"https:\/\/telegram.me\/share\/url?url=https:\/\/acerosmsh.com\/index.php\/2023\/07\/11\/guia-como-seleccionar-el-tubo-de-cilindro-correcto\/\" target=\"_blank\" class=\" wd-social-icon social-tg\" aria-label=\"Telegram social link\">\n\t\t\t\t\t\t<span class=\"wd-icon\"><\/span>\n\t\t\t\t\t\t\t\t\t\t\t<\/a>\n\t\t\t\t\t\t\t\t\n\t\t\t\t\n\t\t\t<\/div>\n\n\t\t\t\t\t\t\t<\/div>\n\t\t\t\t<\/div>\t\n\t\t\t\n\t\t\t\t\t\t\t<div class=\"entry-content wd-entry-content\">\n\t\t\t\t\t\nEl uso de cilindros se ha convertido en una necesidad en la industria automotriz, de pro...<p class=\"read-more-section\"><a class=\"btn-read-more more-link\" href=\"https:\/\/acerosmsh.com\/index.php\/2023\/07\/11\/guia-como-seleccionar-el-tubo-de-cilindro-correcto\/\">Continue reading<\/a><\/p>\t\t\t\t<\/div><!-- .entry-content -->\n\t\t\t\t\t<\/div>\n\t<\/div>\n<\/article><!-- #post -->\n\n\t\t\t\t\t\n\t\t<\/div>\n\t\t\t\t<div class=\"slide-post owl-carousel-item\">\n\t\t\t\n\t\t\t\t\t\t\t\t\t\t\t\n<article id=\"post-15700\" class=\"blog-post-loop post-slide blog-design-masonry blog-style-bg wd-add-shadow post-15700 post type-post status-publish format-standard has-post-thumbnail hentry category-blog\">\n\t<div class=\"article-inner\">\n\t\t<header class=\"entry-header\">\n\t\t\t\t\t\t\t<figure class=\"entry-thumbnail\">\n\t\t\t\t\t<div class=\"post-img-wrapp\">\n\t\t\t\t\t\t<a href=\"https:\/\/acerosmsh.com\/index.php\/2023\/07\/11\/cuales-son-las-ventajas-y-desventajas-de-los-cilindros-hidraulicos\/\">\n\t\t\t\t\t\t\t<img width=\"400\" height=\"266\" src=\"https:\/\/acerosmsh.com\/wp-content\/uploads\/2023\/07\/Advantages-And-Disadvantages-1-400x266.jpg\" class=\"attachment-medium size-medium wp-image-15701\" alt=\"\" decoding=\"async\" loading=\"lazy\" srcset=\"https:\/\/acerosmsh.com\/wp-content\/uploads\/2023\/07\/Advantages-And-Disadvantages-1-400x266.jpg 400w, https:\/\/acerosmsh.com\/wp-content\/uploads\/2023\/07\/Advantages-And-Disadvantages-1-430x286.jpg 430w, https:\/\/acerosmsh.com\/wp-content\/uploads\/2023\/07\/Advantages-And-Disadvantages-1-700x466.jpg 700w, https:\/\/acerosmsh.com\/wp-content\/uploads\/2023\/07\/Advantages-And-Disadvantages-1-150x100.jpg 150w, https:\/\/acerosmsh.com\/wp-content\/uploads\/2023\/07\/Advantages-And-Disadvantages-1.jpg 760w\" sizes=\"(max-width: 400px) 100vw, 400px\" \/>\t\t\t\t\t\t<\/a>\n\t\t\t\t\t<\/div>\n\t\t\t\t\t<div class=\"post-image-mask\">\n\t\t\t\t\t\t<span><\/span>\n\t\t\t\t\t<\/div>\n\t\t\t\t<\/figure>\n\t\t\t\n\t\t\t\t\t\t<div class=\"post-date wd-post-date wd-style-with-bg\" onclick=\"\">\n\t\t\t\t<span class=\"post-date-day\">\n\t\t\t\t\t11\t\t\t\t<\/span>\n\t\t\t\t<span class=\"post-date-month\">\n\t\t\t\t\tJul\t\t\t\t<\/span>\n\t\t\t<\/div>\n\t\t\t\t<\/header><!-- .entry-header -->\n\n\t\t<div class=\"article-body-container\">\n\t\t\t\t\t\t\t<div class=\"meta-categories-wrapp\"><div class=\"meta-post-categories wd-post-cat wd-style-with-bg\"><a href=\"https:\/\/acerosmsh.com\/index.php\/category\/blog\/\" rel=\"category tag\">Blog<\/a><\/div><\/div>\n\t\t\t\n\t\t\t\t\t\t\t<h3 class=\"wd-entities-title title post-title\">\n\t\t\t\t\t<a href=\"https:\/\/acerosmsh.com\/index.php\/2023\/07\/11\/cuales-son-las-ventajas-y-desventajas-de-los-cilindros-hidraulicos\/\" rel=\"bookmark\">\u00bfCu\u00e1les son las ventajas y desventajas de los cilindros hidr\u00e1ulicos?<\/a>\n\t\t\t\t<\/h3>\n\t\t\t\n\t\t\t\t\t\t\t<div class=\"entry-meta wd-entry-meta\">\n\t\t\t\t\t\t\t\t<ul class=\"entry-meta-list\">\n\t\t\t\t\t\t\t\t\t<li class=\"modified-date\">\n\t\t\t\t\t\t\t\t<time class=\"updated\" datetime=\"2023-07-11T16:00:51-05:00\">\n\t\t\t11 July, 2023\t\t<\/time>\n\t\t\t\t\t\t\t<\/li>\n\n\t\t\t\t\t\n\t\t\t\t\t\t\t\t\t\t\t<li class=\"meta-author\">\n\t\t\t\t\t\t\t\t\t<span>\n\t\t\t\t\t\t\tPosted by\t\t\t\t\t<\/span>\n\n\t\t\t\t\t<img alt='author-avatar' src='https:\/\/secure.gravatar.com\/avatar\/66594d2cf7cccb61f4bbf5152dabbe83?s=32&#038;d=mm&#038;r=g' srcset='https:\/\/secure.gravatar.com\/avatar\/66594d2cf7cccb61f4bbf5152dabbe83?s=64&#038;d=mm&#038;r=g 2x' class='avatar avatar-32 photo' height='32' width='32' loading='lazy' decoding='async'\/>\t\t\n\t\t<a href=\"https:\/\/acerosmsh.com\/index.php\/author\/andres\/\" rel=\"author\">\n\t\t\t<span class=\"vcard author author_name\">\n\t\t\t\t<span class=\"fn\">andres marsano<\/span>\n\t\t\t<\/span>\n\t\t<\/a>\n\t\t\t\t\t\t\t\t<\/li>\n\t\t\t\t\t\n\t\t\t\t\t\n\t\t\t\t\t\t\t\t\t\t\t<li class=\"meta-reply\">\n\t\t\t\t\t\t\t<a href=\"https:\/\/acerosmsh.com\/index.php\/2023\/07\/11\/cuales-son-las-ventajas-y-desventajas-de-los-cilindros-hidraulicos\/#respond\"><span class=\"replies-count\">0<\/span> <span class=\"replies-count-label\">comments<\/span><\/a>\t\t\t\t\t\t<\/li>\n\t\t\t\t\t\t\t\t\t\t\t\t<\/ul>\n\t\t\t\t\t\t<\/div><!-- .entry-meta -->\n\t\t\t\t\t\t\t\t\t\t<div class=\"hovered-social-icons wd-tltp wd-tltp-top\">\n\t\t\t\t\t<div class=\"wd-tooltip-label\">\n\t\t\t\t\t\t\n\t\t\t<div class=\"wd-social-icons icons-design-default icons-size-small color-scheme-light social-share social-form-circle text-center\">\n\n\t\t\t\t\n\t\t\t\t\t\t\t\t\t<a rel=\"noopener noreferrer nofollow\" href=\"https:\/\/www.facebook.com\/sharer\/sharer.php?u=https:\/\/acerosmsh.com\/index.php\/2023\/07\/11\/cuales-son-las-ventajas-y-desventajas-de-los-cilindros-hidraulicos\/\" target=\"_blank\" class=\" wd-social-icon social-facebook\" aria-label=\"Facebook social link\">\n\t\t\t\t\t\t<span class=\"wd-icon\"><\/span>\n\t\t\t\t\t\t\t\t\t\t\t<\/a>\n\t\t\t\t\n\t\t\t\t\t\t\t\t\t<a rel=\"noopener noreferrer nofollow\" href=\"https:\/\/twitter.com\/share?url=https:\/\/acerosmsh.com\/index.php\/2023\/07\/11\/cuales-son-las-ventajas-y-desventajas-de-los-cilindros-hidraulicos\/\" target=\"_blank\" class=\" wd-social-icon social-twitter\" aria-label=\"Twitter social link\">\n\t\t\t\t\t\t<span class=\"wd-icon\"><\/span>\n\t\t\t\t\t\t\t\t\t\t\t<\/a>\n\t\t\t\t\n\t\t\t\t\n\t\t\t\t\n\t\t\t\t\n\t\t\t\t\t\t\t\t\t<a rel=\"noopener noreferrer nofollow\" href=\"https:\/\/pinterest.com\/pin\/create\/button\/?url=https:\/\/acerosmsh.com\/index.php\/2023\/07\/11\/cuales-son-las-ventajas-y-desventajas-de-los-cilindros-hidraulicos\/&media=https:\/\/acerosmsh.com\/wp-content\/uploads\/2023\/07\/Advantages-And-Disadvantages-1.jpg&description=%C2%BFCu%C3%A1les+son+las+ventajas+y+desventajas+de+los+cilindros+hidr%C3%A1ulicos%3F\" target=\"_blank\" class=\" wd-social-icon social-pinterest\" aria-label=\"Pinterest social link\">\n\t\t\t\t\t\t<span class=\"wd-icon\"><\/span>\n\t\t\t\t\t\t\t\t\t\t\t<\/a>\n\t\t\t\t\n\t\t\t\t\n\t\t\t\t\t\t\t\t\t<a rel=\"noopener noreferrer nofollow\" href=\"https:\/\/www.linkedin.com\/shareArticle?mini=true&url=https:\/\/acerosmsh.com\/index.php\/2023\/07\/11\/cuales-son-las-ventajas-y-desventajas-de-los-cilindros-hidraulicos\/\" target=\"_blank\" class=\" wd-social-icon social-linkedin\" aria-label=\"Linkedin social link\">\n\t\t\t\t\t\t<span class=\"wd-icon\"><\/span>\n\t\t\t\t\t\t\t\t\t\t\t<\/a>\n\t\t\t\t\n\t\t\t\t\n\t\t\t\t\n\t\t\t\t\n\t\t\t\t\n\t\t\t\t\n\t\t\t\t\n\t\t\t\t\n\t\t\t\t\n\t\t\t\t\n\t\t\t\t\t\t\t\t\n\t\t\t\t\t\t\t\t\n\t\t\t\t\n\t\t\t\t\t\t\t\t\t<a rel=\"noopener noreferrer nofollow\" href=\"https:\/\/telegram.me\/share\/url?url=https:\/\/acerosmsh.com\/index.php\/2023\/07\/11\/cuales-son-las-ventajas-y-desventajas-de-los-cilindros-hidraulicos\/\" target=\"_blank\" class=\" wd-social-icon social-tg\" aria-label=\"Telegram social link\">\n\t\t\t\t\t\t<span class=\"wd-icon\"><\/span>\n\t\t\t\t\t\t\t\t\t\t\t<\/a>\n\t\t\t\t\t\t\t\t\n\t\t\t\t\n\t\t\t<\/div>\n\n\t\t\t\t\t\t\t<\/div>\n\t\t\t\t<\/div>\t\n\t\t\t\n\t\t\t\t\t\t\t<div class=\"entry-content wd-entry-content\">\n\t\t\t\t\t\nLos cilindros hidr\u00e1ulicos utilizan fluido hidr\u00e1ulico presurizado para crear fuerza y mov...<p class=\"read-more-section\"><a class=\"btn-read-more more-link\" href=\"https:\/\/acerosmsh.com\/index.php\/2023\/07\/11\/cuales-son-las-ventajas-y-desventajas-de-los-cilindros-hidraulicos\/\">Continue reading<\/a><\/p>\t\t\t\t<\/div><!-- .entry-content -->\n\t\t\t\t\t<\/div>\n\t<\/div>\n<\/article><!-- #post -->\n\n\t\t\t\t\t\n\t\t<\/div>\n\t\t\t\t\t\t\n\t\t\t\t<\/div> <!-- end product-items -->\n\t\t\t<\/div> <!-- end #carousel-562 -->\n\t\t\t\n\t\t\t\t\t<\/div>\n\t\t\t\t<\/div>\n\t\t\t\t\t<\/div>\n\t\t<\/div>\n\t\t\t\t\t\t\t<\/div>\n\t\t<\/section>\n\t\t\t\t\t\t\t<\/div>\n\t\t","protected":false},"excerpt":{"rendered":"<p>11 Jul Blog La t\u00e9cnica del tubo hidr\u00e1ulico: tubo bru\u00f1ido y tubo bru\u00f1ido con rodillo 11 julio, 2023 Posted by<\/p>\n","protected":false},"author":2,"featured_media":0,"parent":0,"menu_order":0,"comment_status":"closed","ping_status":"closed","template":"","meta":[],"_links":{"self":[{"href":"https:\/\/acerosmsh.com\/index.php\/wp-json\/wp\/v2\/pages\/15896"}],"collection":[{"href":"https:\/\/acerosmsh.com\/index.php\/wp-json\/wp\/v2\/pages"}],"about":[{"href":"https:\/\/acerosmsh.com\/index.php\/wp-json\/wp\/v2\/types\/page"}],"author":[{"embeddable":true,"href":"https:\/\/acerosmsh.com\/index.php\/wp-json\/wp\/v2\/users\/2"}],"replies":[{"embeddable":true,"href":"https:\/\/acerosmsh.com\/index.php\/wp-json\/wp\/v2\/comments?post=15896"}],"version-history":[{"count":7,"href":"https:\/\/acerosmsh.com\/index.php\/wp-json\/wp\/v2\/pages\/15896\/revisions"}],"predecessor-version":[{"id":15945,"href":"https:\/\/acerosmsh.com\/index.php\/wp-json\/wp\/v2\/pages\/15896\/revisions\/15945"}],"wp:attachment":[{"href":"https:\/\/acerosmsh.com\/index.php\/wp-json\/wp\/v2\/media?parent=15896"}],"curies":[{"name":"wp","href":"https:\/\/api.w.org\/{rel}","templated":true}]}}